{"id":2017,"date":"2017-05-31T05:00:25","date_gmt":"2017-05-31T05:00:25","guid":{"rendered":"https:\/\/seehotel.ch\/events-news\/"},"modified":"2023-08-24T05:20:35","modified_gmt":"2023-08-24T05:20:35","slug":"events-news","status":"publish","type":"page","link":"https:\/\/seehotel.ch\/fr\/events-news\/","title":{"rendered":"Events &amp; News"},"content":{"rendered":"\t\t<div data-elementor-type=\"wp-post\" data-elementor-id=\"2017\" class=\"elementor elementor-2017 elementor-78\">\n\t\t\t\t\t\t<section class=\"elementor-section elementor-top-section elementor-element elementor-element-axm2p4l elementor-section-height-min-height elementor-section-boxed elementor-section-height-default elementor-section-items-middle\" data-id=\"axm2p4l\" data-element_type=\"section\" data-settings=\"{&quot;background_background&quot;:&quot;classic&quot;}\">\n\t\t\t\t\t\t\t<div class=\"elementor-background-overlay\"><\/div>\n\t\t\t\t\t\t\t<div class=\"elementor-container elementor-column-gap-default\">\n\t\t\t\t\t<div class=\"elementor-column elementor-col-100 elementor-top-column elementor-element elementor-element-eg989yn\" data-id=\"eg989yn\" data-element_type=\"column\">\n\t\t\t<div class=\"elementor-widget-wrap elementor-element-populated\">\n\t\t\t\t\t\t<div class=\"elementor-element elementor-element-dy8ht18 elementor-widget elementor-widget-spacer\" data-id=\"dy8ht18\" data-element_type=\"widget\" data-widget_type=\"spacer.default\">\n\t\t\t\t<div class=\"elementor-widget-container\">\n\t\t\t\t\t<div class=\"elementor-spacer\">\n\t\t\t<div class=\"elementor-spacer-inner\"><\/div>\n\t\t<\/div>\n\t\t\t\t<\/div>\n\t\t\t\t<\/div>\n\t\t\t\t<div class=\"elementor-element elementor-element-6e0rano elementor-view-default elementor-position-top elementor-widget elementor-widget-themo-header\" data-id=\"6e0rano\" data-element_type=\"widget\" data-widget_type=\"themo-header.default\">\n\t\t\t\t<div class=\"elementor-widget-container\">\n\t\t\t\t\t<div class=\"th-header-wrap\">\n        <div class=\"elementor-icon-box-wrapper \">\n                            <div class=\"elementor-icon-box-content\">\n                    <h1 class=\"elementor-icon-box-title\">\n                        News et Events                    <\/h1>\n                                        <p class=\"elementor-icon-box-description\"><\/p>\n\n                                    <\/div>\n            <\/div>\n\n        <\/div>\n\n\t\t\t\t<\/div>\n\t\t\t\t<\/div>\n\t\t\t\t\t<\/div>\n\t\t<\/div>\n\t\t\t\t\t<\/div>\n\t\t<\/section>\n\t\t\t\t<section class=\"elementor-section elementor-top-section elementor-element elementor-element-vkt1dv8 elementor-section-boxed elementor-section-height-default elementor-section-height-default\" data-id=\"vkt1dv8\" data-element_type=\"section\">\n\t\t\t\t\t\t<div class=\"elementor-container elementor-column-gap-default\">\n\t\t\t\t\t<div class=\"elementor-column elementor-col-100 elementor-top-column elementor-element elementor-element-xo5h9bj\" data-id=\"xo5h9bj\" data-element_type=\"column\">\n\t\t\t<div class=\"elementor-widget-wrap elementor-element-populated\">\n\t\t\t\t\t\t<div class=\"elementor-element elementor-element-h6bnfn5 elementor-widget elementor-widget-spacer\" data-id=\"h6bnfn5\" data-element_type=\"widget\" data-widget_type=\"spacer.default\">\n\t\t\t\t<div class=\"elementor-widget-container\">\n\t\t\t\t\t<div class=\"elementor-spacer\">\n\t\t\t<div class=\"elementor-spacer-inner\"><\/div>\n\t\t<\/div>\n\t\t\t\t<\/div>\n\t\t\t\t<\/div>\n\t\t\t\t<div class=\"elementor-element elementor-element-j81sio5 elementor-widget elementor-widget-themo-blog\" data-id=\"j81sio5\" data-element_type=\"widget\" data-widget_type=\"themo-blog.default\">\n\t\t\t\t<div class=\"elementor-widget-container\">\n\t\t\t<div class=\"alert\">Sorry, no results were found.<\/div>\t\t<\/div>\n\t\t\t\t<\/div>\n\t\t\t\t<div class=\"elementor-element elementor-element-48r7spq elementor-widget elementor-widget-spacer\" data-id=\"48r7spq\" data-element_type=\"widget\" data-widget_type=\"spacer.default\">\n\t\t\t\t<div class=\"elementor-widget-container\">\n\t\t\t\t\t<div class=\"elementor-spacer\">\n\t\t\t<div class=\"elementor-spacer-inner\"><\/div>\n\t\t<\/div>\n\t\t\t\t<\/div>\n\t\t\t\t<\/div>\n\t\t\t\t\t<\/div>\n\t\t<\/div>\n\t\t\t\t\t<\/div>\n\t\t<\/section>\n\t\t\t\t<\/div>\n\t\t","protected":false},"excerpt":{"rendered":"<p>News et Events Valentins Days 29. Januar \u2013 14. Februar admin 10. Februar 2023 Featured Post Stille Er\u00f6ffnung 2. M\u00e4rz admin 10. Februar 2023 Featured Post Grosse Er\u00f6ffnung Samstag 1. April admin 10. Februar 2023 Featured Post Spargelwochen ab 15. &hellip; <a href=\"https:\/\/seehotel.ch\/fr\/events-news\/\">Read More<\/a><\/p>\n","protected":false},"author":1,"featured_media":0,"parent":0,"menu_order":14,"comment_status":"closed","ping_status":"closed","template":"","meta":{"footnotes":""},"yoast_head":"<!-- This site is optimized with the Yoast SEO plugin v22.6 - https:\/\/yoast.com\/wordpress\/plugins\/seo\/ -->\n<title>Events &amp; News - Seehotel<\/title>\n<meta name=\"description\" content=\"Events &amp; News \u2013 Notre belle terrasse, notre jardin d\u2019hiver out bien notre restaurant amenag\u00e9 avec go\u00fbt et la vue magnifique sur le lac de Constance et l\u2019\u00eele de Reichenau vous mettront dans l\u2019ambiance des vacances.\" \/>\n<meta name=\"robots\" content=\"index, follow, max-snippet:-1, max-image-preview:large, max-video-preview:-1\" \/>\n<link rel=\"canonical\" href=\"https:\/\/seehotel.ch\/fr\/events-news\/\" \/>\n<meta property=\"og:locale\" content=\"fr_FR\" \/>\n<meta property=\"og:type\" content=\"article\" \/>\n<meta property=\"og:title\" content=\"Events &amp; News - Seehotel\" \/>\n<meta property=\"og:description\" content=\"Events &amp; News \u2013 Notre belle terrasse, notre jardin d\u2019hiver out bien notre restaurant amenag\u00e9 avec go\u00fbt et la vue magnifique sur le lac de Constance et l\u2019\u00eele de Reichenau vous mettront dans l\u2019ambiance des vacances.\" \/>\n<meta property=\"og:url\" content=\"https:\/\/seehotel.ch\/fr\/events-news\/\" \/>\n<meta property=\"og:site_name\" content=\"Seehotel\" \/>\n<meta property=\"article:publisher\" content=\"https:\/\/www.facebook.com\/perleamuntersee\" \/>\n<meta property=\"article:modified_time\" content=\"2023-08-24T05:20:35+00:00\" \/>\n<meta name=\"twitter:card\" content=\"summary_large_image\" \/>\n<script type=\"application\/ld+json\" class=\"yoast-schema-graph\">{\"@context\":\"https:\/\/schema.org\",\"@graph\":[{\"@type\":\"WebPage\",\"@id\":\"https:\/\/seehotel.ch\/fr\/events-news\/\",\"url\":\"https:\/\/seehotel.ch\/fr\/events-news\/\",\"name\":\"Events &amp; News - Seehotel\",\"isPartOf\":{\"@id\":\"https:\/\/seehotel.ch\/fr\/#website\"},\"datePublished\":\"2017-05-31T05:00:25+00:00\",\"dateModified\":\"2023-08-24T05:20:35+00:00\",\"description\":\"Events & News \u2013 Notre belle terrasse, notre jardin d\u2019hiver out bien notre restaurant amenag\u00e9 avec go\u00fbt et la vue magnifique sur le lac de Constance et l\u2019\u00eele de Reichenau vous mettront dans l\u2019ambiance des vacances.\",\"breadcrumb\":{\"@id\":\"https:\/\/seehotel.ch\/fr\/events-news\/#breadcrumb\"},\"inLanguage\":\"fr-FR\",\"potentialAction\":[{\"@type\":\"ReadAction\",\"target\":[\"https:\/\/seehotel.ch\/fr\/events-news\/\"]}]},{\"@type\":\"BreadcrumbList\",\"@id\":\"https:\/\/seehotel.ch\/fr\/events-news\/#breadcrumb\",\"itemListElement\":[{\"@type\":\"ListItem\",\"position\":1,\"name\":\"Startseite\",\"item\":\"https:\/\/seehotel.ch\/fr\/home\/\"},{\"@type\":\"ListItem\",\"position\":2,\"name\":\"Events &amp; News\"}]},{\"@type\":\"WebSite\",\"@id\":\"https:\/\/seehotel.ch\/fr\/#website\",\"url\":\"https:\/\/seehotel.ch\/fr\/\",\"name\":\"Seehotel\",\"description\":\"\",\"publisher\":{\"@id\":\"https:\/\/seehotel.ch\/fr\/#organization\"},\"potentialAction\":[{\"@type\":\"SearchAction\",\"target\":{\"@type\":\"EntryPoint\",\"urlTemplate\":\"https:\/\/seehotel.ch\/fr\/?s={search_term_string}\"},\"query-input\":\"required name=search_term_string\"}],\"inLanguage\":\"fr-FR\"},{\"@type\":\"Organization\",\"@id\":\"https:\/\/seehotel.ch\/fr\/#organization\",\"name\":\"Seehotel\",\"url\":\"https:\/\/seehotel.ch\/fr\/\",\"logo\":{\"@type\":\"ImageObject\",\"inLanguage\":\"fr-FR\",\"@id\":\"https:\/\/seehotel.ch\/fr\/#\/schema\/logo\/image\/\",\"url\":\"https:\/\/seehotel.ch\/wp-content\/uploads\/2023\/01\/schiff-logo.png\",\"contentUrl\":\"https:\/\/seehotel.ch\/wp-content\/uploads\/2023\/01\/schiff-logo.png\",\"width\":1220,\"height\":192,\"caption\":\"Seehotel\"},\"image\":{\"@id\":\"https:\/\/seehotel.ch\/fr\/#\/schema\/logo\/image\/\"},\"sameAs\":[\"https:\/\/www.facebook.com\/perleamuntersee\",\"https:\/\/www.instagram.com\/seehotelschiff_mannenbach\/\"]}]}<\/script>\n<!-- \/ Yoast SEO plugin. -->","yoast_head_json":{"title":"Events &amp; News - Seehotel","description":"Events & News \u2013 Notre belle terrasse, notre jardin d\u2019hiver out bien notre restaurant amenag\u00e9 avec go\u00fbt et la vue magnifique sur le lac de Constance et l\u2019\u00eele de Reichenau vous mettront dans l\u2019ambiance des vacances.","robots":{"index":"index","follow":"follow","max-snippet":"max-snippet:-1","max-image-preview":"max-image-preview:large","max-video-preview":"max-video-preview:-1"},"canonical":"https:\/\/seehotel.ch\/fr\/events-news\/","og_locale":"fr_FR","og_type":"article","og_title":"Events &amp; News - Seehotel","og_description":"Events & News \u2013 Notre belle terrasse, notre jardin d\u2019hiver out bien notre restaurant amenag\u00e9 avec go\u00fbt et la vue magnifique sur le lac de Constance et l\u2019\u00eele de Reichenau vous mettront dans l\u2019ambiance des vacances.","og_url":"https:\/\/seehotel.ch\/fr\/events-news\/","og_site_name":"Seehotel","article_publisher":"https:\/\/www.facebook.com\/perleamuntersee","article_modified_time":"2023-08-24T05:20:35+00:00","twitter_card":"summary_large_image","schema":{"@context":"https:\/\/schema.org","@graph":[{"@type":"WebPage","@id":"https:\/\/seehotel.ch\/fr\/events-news\/","url":"https:\/\/seehotel.ch\/fr\/events-news\/","name":"Events &amp; News - Seehotel","isPartOf":{"@id":"https:\/\/seehotel.ch\/fr\/#website"},"datePublished":"2017-05-31T05:00:25+00:00","dateModified":"2023-08-24T05:20:35+00:00","description":"Events & News \u2013 Notre belle terrasse, notre jardin d\u2019hiver out bien notre restaurant amenag\u00e9 avec go\u00fbt et la vue magnifique sur le lac de Constance et l\u2019\u00eele de Reichenau vous mettront dans l\u2019ambiance des vacances.","breadcrumb":{"@id":"https:\/\/seehotel.ch\/fr\/events-news\/#breadcrumb"},"inLanguage":"fr-FR","potentialAction":[{"@type":"ReadAction","target":["https:\/\/seehotel.ch\/fr\/events-news\/"]}]},{"@type":"BreadcrumbList","@id":"https:\/\/seehotel.ch\/fr\/events-news\/#breadcrumb","itemListElement":[{"@type":"ListItem","position":1,"name":"Startseite","item":"https:\/\/seehotel.ch\/fr\/home\/"},{"@type":"ListItem","position":2,"name":"Events &amp; News"}]},{"@type":"WebSite","@id":"https:\/\/seehotel.ch\/fr\/#website","url":"https:\/\/seehotel.ch\/fr\/","name":"Seehotel","description":"","publisher":{"@id":"https:\/\/seehotel.ch\/fr\/#organization"},"potentialAction":[{"@type":"SearchAction","target":{"@type":"EntryPoint","urlTemplate":"https:\/\/seehotel.ch\/fr\/?s={search_term_string}"},"query-input":"required name=search_term_string"}],"inLanguage":"fr-FR"},{"@type":"Organization","@id":"https:\/\/seehotel.ch\/fr\/#organization","name":"Seehotel","url":"https:\/\/seehotel.ch\/fr\/","logo":{"@type":"ImageObject","inLanguage":"fr-FR","@id":"https:\/\/seehotel.ch\/fr\/#\/schema\/logo\/image\/","url":"https:\/\/seehotel.ch\/wp-content\/uploads\/2023\/01\/schiff-logo.png","contentUrl":"https:\/\/seehotel.ch\/wp-content\/uploads\/2023\/01\/schiff-logo.png","width":1220,"height":192,"caption":"Seehotel"},"image":{"@id":"https:\/\/seehotel.ch\/fr\/#\/schema\/logo\/image\/"},"sameAs":["https:\/\/www.facebook.com\/perleamuntersee","https:\/\/www.instagram.com\/seehotelschiff_mannenbach\/"]}]}},"_links":{"self":[{"href":"https:\/\/seehotel.ch\/fr\/wp-json\/wp\/v2\/pages\/2017"}],"collection":[{"href":"https:\/\/seehotel.ch\/fr\/wp-json\/wp\/v2\/pages"}],"about":[{"href":"https:\/\/seehotel.ch\/fr\/wp-json\/wp\/v2\/types\/page"}],"author":[{"embeddable":true,"href":"https:\/\/seehotel.ch\/fr\/wp-json\/wp\/v2\/users\/1"}],"replies":[{"embeddable":true,"href":"https:\/\/seehotel.ch\/fr\/wp-json\/wp\/v2\/comments?post=2017"}],"version-history":[{"count":1,"href":"https:\/\/seehotel.ch\/fr\/wp-json\/wp\/v2\/pages\/2017\/revisions"}],"predecessor-version":[{"id":2018,"href":"https:\/\/seehotel.ch\/fr\/wp-json\/wp\/v2\/pages\/2017\/revisions\/2018"}],"wp:attachment":[{"href":"https:\/\/seehotel.ch\/fr\/wp-json\/wp\/v2\/media?parent=2017"}],"curies":[{"name":"wp","href":"https:\/\/api.w.org\/{rel}","templated":true}]}}